{"id":118,"date":"2012-11-17T12:05:00","date_gmt":"2012-11-17T11:05:00","guid":{"rendered":"http:\/\/krzys.zielonka.pl\/?page_id=118"},"modified":"2024-11-17T19:51:00","modified_gmt":"2024-11-17T18:51:00","slug":"do-pobrania-2","status":"publish","type":"page","link":"https:\/\/krzys.zielonka.pl\/?page_id=118","title":{"rendered":"Do pobrania"},"content":{"rendered":"<h1 style=\"text-align: justify;\"><strong>I. Dokumenty, kt\u00f3re mog\u0105 si\u0119 przyda\u0107:<\/strong><\/h1>\n<p>1. [<span style=\"color: #ff0000;\">NOWE<\/span>] Harmonogram akcji 2025<\/p>\n<p>ngg_shortcode_0_placeholder2.Powiadomienia SMS\/e-mail (JPG)<br \/>\n(<em>Aby pobra\u0107 plik, nale\u017cy klikn\u0105\u0107 prawym przyciskiem myszy i zapisa\u0107 grafik\u0119 jako lub zrobi\u0107 zrzut ekranu. Wype\u0142niony dokument <strong>(wraz z podpisem!)<\/strong><\/em>nale\u017cy<em> przes\u0142a\u0107 na adres mailowy krzys.zielonka@gmail.com lub w prywatnej wiadomo\u015bci na Messengerze (Krzy\u015b Klub HDK lub Krzy\u015b Krwiodawca)&nbsp;<\/em><\/p>\n<p><img loading=\"lazy\" decoding=\"async\" class=\"alignleft size-full wp-image-3390\" src=\"http:\/\/wp-content\/uploads\/wordpress\/Powiadomienie-SMS.e-mail.png\" alt=\"\" width=\"786\" height=\"476\" srcset=\"wp-content\/uploads\/wordpress\/Powiadomienie-SMS.e-mail.png 786w, wp-content\/uploads\/wordpress\/Powiadomienie-SMS.e-mail-300x182.png 300w, wp-content\/uploads\/wordpress\/Powiadomienie-SMS.e-mail-768x465.png 768w, wp-content\/uploads\/wordpress\/Powiadomienie-SMS.e-mail-150x91.png 150w, wp-content\/uploads\/wordpress\/Powiadomienie-SMS.e-mail-248x150.png 248w\" sizes=\"auto, (max-width: 786px) 100vw, 786px\" \/><\/p>\n<p>&nbsp;<\/p>\n<p>&nbsp;<\/p>\n<p>&nbsp;<\/p>\n<p>&nbsp;<\/p>\n<p>&nbsp;<\/p>\n<p>&nbsp;<\/p>\n<p>&nbsp;<\/p>\n<p>&nbsp;<\/p>\n<p>&nbsp;<\/p>\n<p>&nbsp;<\/p>\n<p>&nbsp;<br \/>\n3. &nbsp;<a title=\"Kliknij by \u015bciagn\u0105\u0107\" href=\"http:\/\/krzys.zielonka.pl\/wp-content\/uploads\/2012\/11\/ustawa-s\u0142u\u017cba-zdrowia.pdf\" target=\"_blank\" rel=\"noopener\">Ustawa o publicznej s\u0142u\u017cbie zdrowia<\/a> (PDF, ustawa z 22 VIII 1997 r.)<br \/>\n4. <a title=\"Kliknij by pobra\u0107 Arkusz Krwiodawcy\" href=\"http:\/\/krzys.zielonka.pl\/wp-content\/uploads\/wordpress\/Arkusz-Krwiodawcy.xls\">Arkusz Krwiodawcy<\/a> (XLS)<br \/>\n5. <a title=\"Kliknij by \u015bciagn\u0105\u0107\" href=\"http:\/\/krzys.zielonka.pl\/wp-content\/uploads\/2012\/11\/4_Rozporz_Ministra_Zdrowia_z_dn_11_03_2005r.pdf\" target=\"_blank\" rel=\"noopener\">Rozporz\u0105dzenie ministra zdrowia ws. wzoru oraz szczeg\u00f3lnych zasad i trybu nadawania Odznaki \u201eHonorowy Dawca Krwi \u2013 Zas\u0142u\u017cony dla Zdrowia Narodu\u201d<\/a> (PDF, rozporz\u0105dzenie z 11 III 2005 r.)<br \/>\n6. <a title=\"Kliknij by \u015bciagn\u0105\u0107\" href=\"http:\/\/krzys.zielonka.pl\/wp-content\/uploads\/2012\/11\/Krewkarta.doc\" target=\"_blank\" rel=\"noopener\">Krewkarta<\/a> (DOC) &#8211; wype\u0142niony dokument (poza zdj\u0119ciami\/skanami obu stron dowodu osobistego: adres e-mail i tel. kontaktowy) nale\u017cy wys\u0142a\u0107 na skrzynk\u0119 mailow\u0105 KHDK &#8220;Krzy\u015b&#8221; (krzys.zielonka@gmail.com)<\/p>\n<h2>II. Ulotki Regionalnego Centrum Krwiodawstwa i Krwiolecznictwa (Warszawa, ul. Saska 63\/75)<\/h2>\n<p style=\"text-align: justify;\">1. Ulotka &#8220;<a title=\"Kliknij by \u015bciagn\u0105\u0107\" href=\"http:\/\/krzys.zielonka.pl\/wp-content\/uploads\/2012\/11\/Twoja-krew-moje-\u017cycie.pdf\" target=\"_blank\" rel=\"noopener\">Twoja krew, moje \u017cycie<\/a>&#8221; (PDF) &#8211; warto pozna\u0107 kilka prawd na temat oddawania krwi<\/p>\n<p style=\"text-align: justify;\">2. <a title=\"Kliknij by \u015bciagn\u0105\u0107\" href=\"http:\/\/krzys.zielonka.pl\/wp-content\/uploads\/2012\/11\/Ulotka-RCKiK.pdf\" target=\"_blank\" rel=\"noopener\">Ulotka informacyjna RCKiK<\/a> (PDF)<br \/>\n&#8211; procedura oddawania krwi,<br \/>\n&#8211; prawa i przywileje honorowych dawc\u00f3w krwi<\/p>\n","protected":false},"excerpt":{"rendered":"<p>I. Dokumenty, kt\u00f3re mog\u0105 si\u0119 przyda\u0107: 1. [NOWE] Harmonogram akcji 2025 2.Powiadomienia SMS\/e-mail (JPG) (Aby pobra\u0107 plik, nale\u017cy klikn\u0105\u0107 prawym przyciskiem myszy i zapisa\u0107 grafik\u0119 jako lub zrobi\u0107 zrzut ekranu. Wype\u0142niony dokument (wraz z podpisem!)nale\u017cy przes\u0142a\u0107 na adres mailowy krzys.zielonka@gmail.com lub w prywatnej wiadomo\u015bci na Messengerze (Krzy\u015b Klub HDK lub \u2026 <a class=\"continue-reading-link\" href=\"https:\/\/krzys.zielonka.pl\/?page_id=118\"> Continue reading <span class=\"meta-nav\">&rarr; <\/span><\/a><\/p>\n","protected":false},"author":2,"featured_media":0,"parent":0,"menu_order":0,"comment_status":"closed","ping_status":"closed","template":"","meta":{"ngg_post_thumbnail":0,"footnotes":""},"class_list":["post-118","page","type-page","status-publish","hentry"],"_links":{"self":[{"href":"https:\/\/krzys.zielonka.pl\/index.php?rest_route=\/wp\/v2\/pages\/118","targetHints":{"allow":["GET"]}}],"collection":[{"href":"https:\/\/krzys.zielonka.pl\/index.php?rest_route=\/wp\/v2\/pages"}],"about":[{"href":"https:\/\/krzys.zielonka.pl\/index.php?rest_route=\/wp\/v2\/types\/page"}],"author":[{"embeddable":true,"href":"https:\/\/krzys.zielonka.pl\/index.php?rest_route=\/wp\/v2\/users\/2"}],"replies":[{"embeddable":true,"href":"https:\/\/krzys.zielonka.pl\/index.php?rest_route=%2Fwp%2Fv2%2Fcomments&post=118"}],"version-history":[{"count":79,"href":"https:\/\/krzys.zielonka.pl\/index.php?rest_route=\/wp\/v2\/pages\/118\/revisions"}],"predecessor-version":[{"id":3855,"href":"https:\/\/krzys.zielonka.pl\/index.php?rest_route=\/wp\/v2\/pages\/118\/revisions\/3855"}],"wp:attachment":[{"href":"https:\/\/krzys.zielonka.pl\/index.php?rest_route=%2Fwp%2Fv2%2Fmedia&parent=118"}],"curies":[{"name":"wp","href":"https:\/\/api.w.org\/{rel}","templated":true}]}}