{"id":6,"date":"2012-11-07T09:05:14","date_gmt":"2012-11-07T08:05:14","guid":{"rendered":"http:\/\/krzys.zielonka.pl\/?page_id=6"},"modified":"2024-03-07T15:45:25","modified_gmt":"2024-03-07T14:45:25","slug":"o-khdk-krzys","status":"publish","type":"page","link":"https:\/\/krzys.zielonka.pl\/?page_id=6","title":{"rendered":"O KHDK &#8220;Krzy\u015b&#8221;"},"content":{"rendered":"<p style=\"text-align: justify;\"><span style=\"color: #ff0000;\">Klub Honorowych Dawc\u00f3w Krwi &#8220;Krzy\u015b&#8221; w Zielonce<\/span> dzia\u0142a od 2003 r. G\u0142\u00f3wnym celem dzia\u0142ania Klubu jest niesienie pomocy potrzebuj\u0105cym oraz promowanie idei honorowego krwiodawstwa w\u015br\u00f3d Mieszka\u0144c\u00f3w.<\/p>\n<p>Jak si\u0119 zacz\u0119\u0142o?<\/p>\n<p style=\"text-align: justify;\">We wrze\u015bniu 2002 r. ucze\u0144 Szko\u0142y Podstawowej nr 1 zachorowa\u0142 na ostr\u0105 bia\u0142aczk\u0119 szpikow\u0105. By\u0142 to cios dla rodziny i ca\u0142ej spo\u0142eczno\u015bci szkolnej. Dyrektor Katarzyna Stencel kontaktuj\u0105c si\u0119 z rodzicami ch\u0142opca dowiedzia\u0142a si\u0119, \u017ce stan zdrowia jest krytyczny i potrzebna jest krew do sta\u0142ego przetaczania. By\u0142 to bodziec do podj\u0119cia dzia\u0142a\u0144 na rzecz pomocy Krzysiowi. Szybko uda\u0142o si\u0119 znale\u017a\u0107 sprzymierze\u0144c\u00f3w<br \/>\ni rozpocz\u0119\u0142a si\u0119 szeroka akcja &#8220;<em>Krew dla Krzysia<\/em>&#8220;: plakaty &#8211; lokalnie i w Warszawie, zbieranie kart krwiodawc\u00f3w i przekazywanie rodzinie ucznia, wsp\u00f3\u0142praca ze stacj\u0105 krwiodawstwa, komunikaty w radiu<br \/>\ni prasie, kontakty telefoniczne z krwiodawcami.<\/p>\n<p style=\"text-align: justify;\">Pomagali wszyscy &#8211; spo\u0142eczno\u015b\u0107 szkolna, w\u0142adze Miasta, proboszczowie zielonkowskich parafii, mieszka\u0144cy Zielonki, o\u015brodki&nbsp;&nbsp;instytucje, prasa lokalna. Akcja wi\u0105za\u0142a si\u0119 r\u00f3wnie\u017c z zaproszeniem stacji krwiodawstwa &nbsp;do Zielonki. Odzew by\u0142 wielki, a efekt zamierzony. Krzy\u015b mia\u0142 zapewnion\u0105 krew i m\u00f3g\u0142 czeka\u0107 na przeszczep. Jeste\u015bmy dumni, \u017ce znale\u017ali\u015bmy si\u0119 w fronie wielu instytucji i os\u00f3b prywatnych, kt\u00f3re pomaga\u0142y Krzysiowi.<\/p>\n<p style=\"text-align: justify;\">Ten wyj\u0105tkowy dar serca nie pozosta\u0142 jednorazowym zrywem, ale przerodzi\u0142 si\u0119 w systematyczn\u0105 pomoc.<\/p>\n<p style=\"text-align: justify;\"><span style=\"text-decoration: underline;\">Pod koniec 2003 r. zrodzi\u0142a si\u0119 inicjatywa za\u0142o\u017cenia w Zielonce Klubu Honorowych Dawc\u00f3w Krwi PCK.<\/span><\/p>\n<p style=\"text-align: justify;\">W chwili powstania Klub liczy\u0142 12 os\u00f3b. W 2004 r. w Szkole Podstawowej nr 1 zosta\u0142 przeprowadzony konkurs na nazw\u0119 Klubu.<\/p>\n<p><img decoding=\"async\" class=\"aligncenter\" src=\"http:\/\/krzys.zielonka.pl\/wp-content\/uploads\/2012\/11\/konkurs.jpg\" alt=\"Konkurs na nazw\u0119 Klubu\"><\/p>\n<p style=\"text-align: justify;\">&nbsp;W jego wyniku Klub Honorowych Dawc\u00f3w Krwi w Zielonce otrzyma\u0142 nazw\u0119 &#8220;<span style=\"color: #ff0000;\">Krzy\u015b<\/span>.&#8221;<!--more--><\/p>\n<p style=\"text-align: justify;\"><span style=\"text-decoration: underline;\">Wyr\u00f3\u017cnione has\u0142a i ich autorzy<\/span>:<br \/>\n1. &#8220;Kropla \u017cycia&#8221; &#8211; autorzy: Krzysztof Moszczy\u0144ski (kl. V b) i Robert Michalski (kl. VI a)<\/p>\n<p style=\"text-align: justify;\">2. &#8220;Licz\u0105ca si\u0119 kropla&#8221; &#8211; autor: Konrad Fit (kl. II b)<\/p>\n<p style=\"text-align: justify;\">3. &#8220;Moje \u017cycie&#8221; &#8211; Kinga Tru\u015b (kl. IV b)<\/p>\n<p style=\"text-align: justify;\"><span style=\"text-decoration: underline;\">Sk\u0142ad komisji konkursowej<\/span>:<\/p>\n<p style=\"text-align: justify;\">1. Andrzej Dzieci\u0105tko<\/p>\n<p style=\"text-align: justify;\">2. Katarzyna Stencel<\/p>\n<p style=\"text-align: justify;\">3. Joanna Tomaszewska<\/p>\n<p style=\"text-align: justify;\">4. S\u0142awomir Tomaszewski<\/p>\n<p style=\"text-align: justify;\">5. S\u0142awomir Gajcy<\/p>\n<p><!--more--><\/p>\n<p>&#8212;&#8212;&#8212;&#8212;&#8212;&#8212;&#8212;&#8212;&#8212;&#8212;&#8212;&#8212;&#8212;&#8212;&#8212;&#8212;&#8212;&#8212;&#8212;&#8212;&#8212;&#8212;&#8212;&#8212;&#8212;&#8212;&#8212;&#8212;&#8212;&#8212;&#8212;&#8212;&#8212;&#8212;&#8212;&#8212;&#8212;&#8212;&#8212;&#8212;&#8212;&#8212;&#8212;&#8212;&#8212;&#8212;&#8212;&#8212;&#8212;<\/p>\n<h2 style=\"text-align: center;\">&nbsp;<strong>Podzi\u0119kowania dla Klubu Honorowych Dawc\u00f3w Krwi &#8220;Krzy\u015b&#8221;:<\/strong><\/h2>\n<p>&nbsp;<\/p>\n<p><strong><a href=\"http:\/\/krzys.zielonka.pl\/wp-content\/uploads\/2012\/11\/skanuj00081.jpg\"><img loading=\"lazy\" decoding=\"async\" class=\"aligncenter wp-image-372 size-full\" title=\"skanuj0008\" src=\"wp-content\/uploads\/wordpress\/2012\/11\/skanuj00081.jpg\" alt=\"\" width=\"581\" height=\"800\" srcset=\"wp-content\/uploads\/wordpress\/2012\/11\/skanuj00081.jpg 581w, wp-content\/uploads\/wordpress\/2012\/11\/skanuj00081-217x300.jpg 217w\" sizes=\"auto, (max-width: 581px) 100vw, 581px\" \/><\/a><\/strong><br \/>\n<img decoding=\"async\" class=\"aligncenter\" src=\"http:\/\/krzys.zielonka.pl\/wp-content\/uploads\/2012\/11\/RCKiK-za-2010.jpg \" alt=\"RCKiK za 2010\"><br \/>\n<img decoding=\"async\" class=\"aligncenter\" src=\"http:\/\/krzys.zielonka.pl\/wp-content\/uploads\/2012\/11\/RCKiK-za-20091.jpg \" alt=\"RCKiK za 2009\"><\/p>\n<p><img decoding=\"async\" class=\"aligncenter\" src=\"http:\/\/krzys.zielonka.pl\/wp-content\/uploads\/2012\/11\/Podzi\u0119kowanie.jpg \" alt=\"Podzi\u0119kowanie od p. Przybysz\"><\/p>\n<p><img decoding=\"async\" class=\"aligncenter\" src=\"http:\/\/krzys.zielonka.pl\/wp-content\/uploads\/2012\/11\/z-MG.jpg \" alt=\"Z Miejskiego Gimnazjum w Zielonce\"><\/p>\n<p><img decoding=\"async\" class=\"aligncenter\" src=\"http:\/\/krzys.zielonka.pl\/wp-content\/uploads\/2012\/11\/od-ETNY.jpg \" alt=\"ETNA\"><\/p>\n","protected":false},"excerpt":{"rendered":"<p>Klub Honorowych Dawc\u00f3w Krwi &#8220;Krzy\u015b&#8221; w Zielonce dzia\u0142a od 2003 r. G\u0142\u00f3wnym celem dzia\u0142ania Klubu jest niesienie pomocy potrzebuj\u0105cym oraz promowanie idei honorowego krwiodawstwa w\u015br\u00f3d Mieszka\u0144c\u00f3w. Jak si\u0119 zacz\u0119\u0142o? We wrze\u015bniu 2002 r. ucze\u0144 Szko\u0142y Podstawowej nr 1 zachorowa\u0142 na ostr\u0105 bia\u0142aczk\u0119 szpikow\u0105. By\u0142 to cios dla rodziny i ca\u0142ej \u2026 <a class=\"continue-reading-link\" href=\"https:\/\/krzys.zielonka.pl\/?page_id=6\"> Continue reading <span class=\"meta-nav\">&rarr; <\/span><\/a><\/p>\n","protected":false},"author":1,"featured_media":0,"parent":0,"menu_order":0,"comment_status":"closed","ping_status":"closed","template":"","meta":{"ngg_post_thumbnail":0,"footnotes":""},"class_list":["post-6","page","type-page","status-publish","hentry"],"_links":{"self":[{"href":"https:\/\/krzys.zielonka.pl\/index.php?rest_route=\/wp\/v2\/pages\/6","targetHints":{"allow":["GET"]}}],"collection":[{"href":"https:\/\/krzys.zielonka.pl\/index.php?rest_route=\/wp\/v2\/pages"}],"about":[{"href":"https:\/\/krzys.zielonka.pl\/index.php?rest_route=\/wp\/v2\/types\/page"}],"author":[{"embeddable":true,"href":"https:\/\/krzys.zielonka.pl\/index.php?rest_route=\/wp\/v2\/users\/1"}],"replies":[{"embeddable":true,"href":"https:\/\/krzys.zielonka.pl\/index.php?rest_route=%2Fwp%2Fv2%2Fcomments&post=6"}],"version-history":[{"count":94,"href":"https:\/\/krzys.zielonka.pl\/index.php?rest_route=\/wp\/v2\/pages\/6\/revisions"}],"predecessor-version":[{"id":3503,"href":"https:\/\/krzys.zielonka.pl\/index.php?rest_route=\/wp\/v2\/pages\/6\/revisions\/3503"}],"wp:attachment":[{"href":"https:\/\/krzys.zielonka.pl\/index.php?rest_route=%2Fwp%2Fv2%2Fmedia&parent=6"}],"curies":[{"name":"wp","href":"https:\/\/api.w.org\/{rel}","templated":true}]}}